{"id":3,"date":"2020-04-28T20:26:24","date_gmt":"2020-04-28T20:26:24","guid":{"rendered":"https:\/\/canopypuertovallarta.com\/?page_id=3"},"modified":"2020-05-03T20:43:25","modified_gmt":"2020-05-03T20:43:25","slug":"cancellation-policy","status":"publish","type":"page","link":"https:\/\/canopypuertovallarta.com\/es\/cancellation-policy\/","title":{"rendered":"Privacy Policy"},"content":{"rendered":"<div   class='avia-fullscreen-slider main_color   avia-builder-el-0  el_before_av_one_half  avia-builder-el-first  container_wrap fullsize'  ><div  class='avia-slideshow av-6z3t-4575f42a147a304d21f512b0be24bd90 avia-slideshow-extra_large av_fullscreen avia-slide-slider av-slideshow-ui av-control-default av-slideshow-manual av-loop-once av-loop-manual-endless av-default-height-applied   avia-slideshow-1' data-slideshow-options=\"{&quot;animation&quot;:&quot;slide&quot;,&quot;autoplay&quot;:false,&quot;loop_autoplay&quot;:&quot;once&quot;,&quot;interval&quot;:5,&quot;loop_manual&quot;:&quot;manual-endless&quot;,&quot;autoplay_stopper&quot;:false,&quot;noNavigation&quot;:false,&quot;bg_slider&quot;:true,&quot;keep_padding&quot;:false,&quot;hoverpause&quot;:false,&quot;show_slide_delay&quot;:0,&quot;slide_height&quot;:&quot;100&quot;,&quot;image_attachment&quot;:&quot;&quot;}\"  itemprop=\"image\" itemscope=\"itemscope\" itemtype=\"https:\/\/schema.org\/ImageObject\" ><ul class='avia-slideshow-inner' style='padding-bottom: 56.25%;'><li style='background-position:center center;' data-img-url='https:\/\/canopypuertovallarta.com\/wp-content\/uploads\/2020\/05\/pantalla-completa1.jpg' class='avia-slideshow-slide av-6z3t-4575f42a147a304d21f512b0be24bd90__0  av-single-slide slide-1 slide-odd'><div data-rel='slideshow-1' class='avia-slide-wrap'   ><div class='av-slideshow-caption av-6z3t-4575f42a147a304d21f512b0be24bd90__0 caption_fullwidth caption_bottom'><div class=\"container caption_container\"><div class=\"slideshow_caption\"><div class=\"slideshow_inner_caption\"><div class=\"slideshow_align_caption\"><h2 class='avia-caption-title'  itemprop=\"name\" >CANCELACIONES SIN COSTO<\/h2><div class='avia-caption-content'  itemprop=\"description\" ><p>SE TE REGRESA EL 100% DE TU DINERO<br \/>\nAVISANDO CON 24 HORAS DE ANTICIPACI\u00d3N AL COMIENZO DE LA ACTIVIDAD<\/p>\n<\/div><\/div><\/div><\/div><\/div><\/div><\/div><\/li><\/ul><\/div><\/div><div id='after_full_slider_1'  class='main_color av_default_container_wrap container_wrap fullsize'  ><div class='container av-section-cont-open' ><div class='template-page content  av-content-full alpha units'><div class='post-entry post-entry-type-page post-entry-3'><div class='entry-content-wrapper clearfix'>\n\n<style type=\"text\/css\" data-created_by=\"avia_inline_auto\" id=\"style-css-av-5q75-30bb7de69c43139853fe06f12335976a\">\n.flex_column.av-5q75-30bb7de69c43139853fe06f12335976a{\nborder-radius:0px 0px 0px 0px;\npadding:0px 0px 0px 0px;\n}\n<\/style>\n<div  class='flex_column av-5q75-30bb7de69c43139853fe06f12335976a av_one_half  avia-builder-el-1  el_after_av_fullscreen  el_before_av_one_half  avia-builder-el-first  first flex_column_div av-zero-column-padding'     ><section  class='av_textblock_section av-k9otnpuv-25f73e47d433b58af19d4d05b358edd8'   itemscope=\"itemscope\" itemtype=\"https:\/\/schema.org\/CreativeWork\" ><div class='avia_textblock'  itemprop=\"text\" ><h4><strong>Pol\u00edtica de Cancelaci\u00f3n<\/strong><\/h4>\n<blockquote>\n<p><strong>Las cancelaciones no son reembolsables siendo solicitadas en un plazo menor a 24 horas del inicio de la excursi\u00f3n. Cancelaciones solicitadas con 24 horas o m\u00e1s tiempo del inicio de la excursi\u00f3n son reembolsables en un 100 %.<\/strong><\/p>\n<\/blockquote>\n<h4>Pol\u00edtica de Reprogramaci\u00f3n:<\/h4>\n<p>Los Tours no pueden ser reprogramados dentro de las 24 horas del comienzo de los mismos. Los Tours que requieren ser re-programados con un tiempo de 24 horas o m\u00e1s del comienzo de los mismo, ser\u00e1n reprogramados de manera gratuita, siempre y cuando se cuente con disponibilidad.<\/p>\n<p><strong>Las llegadas tard\u00edas ser\u00e1n considerados como (No-Show), y no se har\u00e1n reembolsos.<\/strong><\/p>\n<p><strong>Condiciones meteorol\u00f3gicas adversas:<\/strong> Su seguridad es nuestra prioridad n\u00famero uno. Canopy Puerto Vallarta se reserva el derecho de cambiar el itinerario basado en condiciones clim\u00e1ticas adversas antes o durante la excursi\u00f3n programada. La excursi\u00f3n puede ser re-programada sobre la base de disponibilidad sin cargo adicional.<\/p>\n<\/div><\/section><\/div>\n\n<style type=\"text\/css\" data-created_by=\"avia_inline_auto\" id=\"style-css-av-cnx-161215a5087ebe8ed18db43f0909c58c\">\n.flex_column.av-cnx-161215a5087ebe8ed18db43f0909c58c{\nborder-radius:0px 0px 0px 0px;\npadding:0px 0px 0px 0px;\n}\n<\/style>\n<div  class='flex_column av-cnx-161215a5087ebe8ed18db43f0909c58c av_one_half  avia-builder-el-3  el_after_av_one_half  avia-builder-el-last  flex_column_div av-zero-column-padding'     ><section  class='av_textblock_section av-k9otpnsq-296edefa06032d7bdb322ec89a02d993'   itemscope=\"itemscope\" itemtype=\"https:\/\/schema.org\/CreativeWork\" ><div class='avia_textblock'  itemprop=\"text\" ><h4><strong>Pol\u00edtica de Privacidad:<\/strong><\/h4>\n<p><strong>Orders &amp; Payments<\/strong><\/p>\n<p>Cuando usted realiza un pedido en nuestro sitio web, solicitamos informaci\u00f3n de contacto, como su nombre, direcci\u00f3n de correo electr\u00f3nico y n\u00famero de tel\u00e9fono. Esta informaci\u00f3n se utiliza solo para ponernos en contacto con usted para facilitarle la informaci\u00f3n referente a su pedido. En algunos casos, como compa\u00f1\u00eda subcontratista, necesitaremos compartir su informaci\u00f3n de contacto con los proveedores de los servicios de su orden. Canopy Puerto Vallarta, nunca, bajo ninguna circunstancia, vender\u00e1 su informaci\u00f3n personal.<\/p>\n<blockquote>\n<p><strong>En el momento de la reserva, tambi\u00e9n se le solicitar\u00e1 informaci\u00f3n tal como el n\u00famero de tarjeta de cr\u00e9dito, para efectuar el cobro pertinente de su compra. Utilizamos el m\u00e1ximo nivel de seguridad en l\u00ednea para proteger sus datos personales.<\/strong><\/p>\n<\/blockquote>\n<p><strong>Seguridad en L\u00ednea<\/strong><\/p>\n<p>Nuestro sitio web, https:\/\/www.canopypuertovallarta.com, est\u00e1 protegido por el m\u00e1ximo nivel de seguridad en l\u00ednea, lo que significa que sus datos personales est\u00e1n seguros con nosotros. Todas las transacciones en este sitio est\u00e1n protegidas con un SSL de 2048 bits y cualquier informaci\u00f3n que recopilemos de los usuarios se almacena y protege de manera segura con los mejores firewalls disponibles.<\/p>\n<p><strong>Todos los derechos reservados<\/strong><\/p>\n<p>No content on our website may be used or reproduced for any commercial purposes. Canopy Puerto Vallarta reserves the right to amend this privacy policy at any time.<\/p>\n<\/div><\/section><\/div>","protected":false},"excerpt":{"rendered":"","protected":false},"author":1,"featured_media":0,"parent":0,"menu_order":0,"comment_status":"closed","ping_status":"open","template":"","meta":{"footnotes":""},"class_list":["post-3","page","type-page","status-publish","hentry"],"yoast_head":"<!-- This site is optimized with the Yoast SEO plugin v27.4 - https:\/\/yoast.com\/product\/yoast-seo-wordpress\/ -->\n<title>Privacy Policy - Canopy Puerto Vallarta<\/title>\n<meta name=\"robots\" content=\"index, follow, max-snippet:-1, max-image-preview:large, max-video-preview:-1\" \/>\n<link rel=\"canonical\" href=\"https:\/\/canopypuertovallarta.com\/es\/cancellation-policy\/\" \/>\n<meta property=\"og:locale\" content=\"es_ES\" \/>\n<meta property=\"og:type\" content=\"article\" \/>\n<meta property=\"og:title\" content=\"Privacy Policy - Canopy Puerto Vallarta\" \/>\n<meta property=\"og:url\" content=\"https:\/\/canopypuertovallarta.com\/es\/cancellation-policy\/\" \/>\n<meta property=\"og:site_name\" content=\"Canopy Puerto Vallarta\" \/>\n<meta property=\"article:modified_time\" content=\"2020-05-03T20:43:25+00:00\" \/>\n<meta name=\"twitter:card\" content=\"summary_large_image\" \/>\n<meta name=\"twitter:label1\" content=\"Tiempo de lectura\" \/>\n\t<meta name=\"twitter:data1\" content=\"4 minutos\" \/>\n<script type=\"application\/ld+json\" class=\"yoast-schema-graph\">{\"@context\":\"https:\\\/\\\/schema.org\",\"@graph\":[{\"@type\":\"WebPage\",\"@id\":\"https:\\\/\\\/canopypuertovallarta.com\\\/es\\\/cancellation-policy\\\/\",\"url\":\"https:\\\/\\\/canopypuertovallarta.com\\\/es\\\/cancellation-policy\\\/\",\"name\":\"Privacy Policy - Canopy Puerto Vallarta\",\"isPartOf\":{\"@id\":\"https:\\\/\\\/canopypuertovallarta.com\\\/#website\"},\"datePublished\":\"2020-04-28T20:26:24+00:00\",\"dateModified\":\"2020-05-03T20:43:25+00:00\",\"breadcrumb\":{\"@id\":\"https:\\\/\\\/canopypuertovallarta.com\\\/es\\\/cancellation-policy\\\/#breadcrumb\"},\"inLanguage\":\"es\",\"potentialAction\":[{\"@type\":\"ReadAction\",\"target\":[\"https:\\\/\\\/canopypuertovallarta.com\\\/es\\\/cancellation-policy\\\/\"]}]},{\"@type\":\"BreadcrumbList\",\"@id\":\"https:\\\/\\\/canopypuertovallarta.com\\\/es\\\/cancellation-policy\\\/#breadcrumb\",\"itemListElement\":[{\"@type\":\"ListItem\",\"position\":1,\"name\":\"Home\",\"item\":\"https:\\\/\\\/canopypuertovallarta.com\\\/home\\\/\"},{\"@type\":\"ListItem\",\"position\":2,\"name\":\"Privacy Policy\"}]},{\"@type\":\"WebSite\",\"@id\":\"https:\\\/\\\/canopypuertovallarta.com\\\/#website\",\"url\":\"https:\\\/\\\/canopypuertovallarta.com\\\/\",\"name\":\"Canopy Puerto Vallarta\",\"description\":\"Best Canopy Zipline Tour in Puerto Vallarta\",\"potentialAction\":[{\"@type\":\"SearchAction\",\"target\":{\"@type\":\"EntryPoint\",\"urlTemplate\":\"https:\\\/\\\/canopypuertovallarta.com\\\/?s={search_term_string}\"},\"query-input\":{\"@type\":\"PropertyValueSpecification\",\"valueRequired\":true,\"valueName\":\"search_term_string\"}}],\"inLanguage\":\"es\"}]}<\/script>\n<!-- \/ Yoast SEO plugin. -->","yoast_head_json":{"title":"Privacy Policy - Canopy Puerto Vallarta","robots":{"index":"index","follow":"follow","max-snippet":"max-snippet:-1","max-image-preview":"max-image-preview:large","max-video-preview":"max-video-preview:-1"},"canonical":"https:\/\/canopypuertovallarta.com\/es\/cancellation-policy\/","og_locale":"es_ES","og_type":"article","og_title":"Privacy Policy - Canopy Puerto Vallarta","og_url":"https:\/\/canopypuertovallarta.com\/es\/cancellation-policy\/","og_site_name":"Canopy Puerto Vallarta","article_modified_time":"2020-05-03T20:43:25+00:00","twitter_card":"summary_large_image","twitter_misc":{"Tiempo de lectura":"4 minutos"},"schema":{"@context":"https:\/\/schema.org","@graph":[{"@type":"WebPage","@id":"https:\/\/canopypuertovallarta.com\/es\/cancellation-policy\/","url":"https:\/\/canopypuertovallarta.com\/es\/cancellation-policy\/","name":"Privacy Policy - Canopy Puerto Vallarta","isPartOf":{"@id":"https:\/\/canopypuertovallarta.com\/#website"},"datePublished":"2020-04-28T20:26:24+00:00","dateModified":"2020-05-03T20:43:25+00:00","breadcrumb":{"@id":"https:\/\/canopypuertovallarta.com\/es\/cancellation-policy\/#breadcrumb"},"inLanguage":"es","potentialAction":[{"@type":"ReadAction","target":["https:\/\/canopypuertovallarta.com\/es\/cancellation-policy\/"]}]},{"@type":"BreadcrumbList","@id":"https:\/\/canopypuertovallarta.com\/es\/cancellation-policy\/#breadcrumb","itemListElement":[{"@type":"ListItem","position":1,"name":"Home","item":"https:\/\/canopypuertovallarta.com\/home\/"},{"@type":"ListItem","position":2,"name":"Privacy Policy"}]},{"@type":"WebSite","@id":"https:\/\/canopypuertovallarta.com\/#website","url":"https:\/\/canopypuertovallarta.com\/","name":"Canopy Puerto Vallarta","description":"Best Canopy Zipline Tour in Puerto Vallarta","potentialAction":[{"@type":"SearchAction","target":{"@type":"EntryPoint","urlTemplate":"https:\/\/canopypuertovallarta.com\/?s={search_term_string}"},"query-input":{"@type":"PropertyValueSpecification","valueRequired":true,"valueName":"search_term_string"}}],"inLanguage":"es"}]}},"_links":{"self":[{"href":"https:\/\/canopypuertovallarta.com\/es\/wp-json\/wp\/v2\/pages\/3","targetHints":{"allow":["GET"]}}],"collection":[{"href":"https:\/\/canopypuertovallarta.com\/es\/wp-json\/wp\/v2\/pages"}],"about":[{"href":"https:\/\/canopypuertovallarta.com\/es\/wp-json\/wp\/v2\/types\/page"}],"author":[{"embeddable":true,"href":"https:\/\/canopypuertovallarta.com\/es\/wp-json\/wp\/v2\/users\/1"}],"replies":[{"embeddable":true,"href":"https:\/\/canopypuertovallarta.com\/es\/wp-json\/wp\/v2\/comments?post=3"}],"version-history":[{"count":11,"href":"https:\/\/canopypuertovallarta.com\/es\/wp-json\/wp\/v2\/pages\/3\/revisions"}],"predecessor-version":[{"id":148,"href":"https:\/\/canopypuertovallarta.com\/es\/wp-json\/wp\/v2\/pages\/3\/revisions\/148"}],"wp:attachment":[{"href":"https:\/\/canopypuertovallarta.com\/es\/wp-json\/wp\/v2\/media?parent=3"}],"curies":[{"name":"wp","href":"https:\/\/api.w.org\/{rel}","templated":true}]}}